{"id":2074,"date":"2025-09-22T12:09:52","date_gmt":"2025-09-22T11:09:52","guid":{"rendered":"https:\/\/hgplan.pt\/group\/"},"modified":"2025-10-07T15:23:04","modified_gmt":"2025-10-07T14:23:04","slug":"group","status":"publish","type":"page","link":"https:\/\/hgplan.pt\/en\/group\/","title":{"rendered":"Group"},"content":{"rendered":"\t\t<div data-elementor-type=\"wp-page\" data-elementor-id=\"2074\" class=\"elementor elementor-2074 elementor-1375\" data-elementor-post-type=\"page\">\n\t\t\t\t<div class=\"elementor-element elementor-element-c25a005 e-flex e-con-boxed e-con e-parent\" data-id=\"c25a005\" data-element_type=\"container\" data-e-type=\"container\">\n\t\t\t\t\t<div class=\"e-con-inner\">\n\t\t\t\t<div class=\"elementor-element elementor-element-9643d1c elementor-widget elementor-widget-heading\" data-id=\"9643d1c\" data-element_type=\"widget\" data-e-type=\"widget\" data-widget_type=\"heading.default\">\n\t\t\t\t\t<h1 class=\"elementor-heading-title elementor-size-default\">The Group<\/h1>\t\t\t\t<\/div>\n\t\t\t\t<div class=\"elementor-element elementor-element-7b1c200 elementor-widget elementor-widget-text-editor\" data-id=\"7b1c200\" data-element_type=\"widget\" data-e-type=\"widget\" data-widget_type=\"text-editor.default\">\n\t\t\t\t\t\t\t\t\t<p><b>HG Plan Management, Lda.<\/b> was founded in Covilh\u00e3 with the aim of providing <strong>engineering<\/strong>, <strong>licensing<\/strong>, <strong>design<\/strong> and <b>construction <\/b>services with high quality standards. Over the years, we have expanded our operations into complementary areas, engineering and contracting, creating a solid business ecosystem.<\/p><p>Today we have the capacity to produce <b>energy-efficient prefabricated houses<\/b> and we are innovators in <b>preventive maintenance and technical inspections<\/b> throughout the country, using <b>advanced technology and our own artificial intelligence models<\/b>. The group is made up of<strong> five<\/strong> specialized<strong> companies<\/strong> that together offer an integrated solution for the entire life cycle of real estate.<\/p>\t\t\t\t\t\t\t\t<\/div>\n\t\t\t\t<div class=\"elementor-element elementor-element-0707b74 elementor-widget-divider--view-line elementor-widget elementor-widget-divider\" data-id=\"0707b74\" data-element_type=\"widget\" data-e-type=\"widget\" data-widget_type=\"divider.default\">\n\t\t\t\t\t\t\t<div class=\"elementor-divider\">\n\t\t\t<span class=\"elementor-divider-separator\">\n\t\t\t\t\t\t<\/span>\n\t\t<\/div>\n\t\t\t\t\t\t<\/div>\n\t\t\t\t\t<\/div>\n\t\t\t\t<\/div>\n\t\t<div class=\"elementor-element elementor-element-1f9a672 e-flex e-con-boxed e-con e-parent\" data-id=\"1f9a672\" data-element_type=\"container\" data-e-type=\"container\">\n\t\t\t\t\t<div class=\"e-con-inner\">\n\t\t<div class=\"elementor-element elementor-element-7d135d3 e-con-full e-flex e-con e-child\" data-id=\"7d135d3\" data-element_type=\"container\" data-e-type=\"container\">\n\t\t\t\t<div class=\"elementor-element elementor-element-08c6cc8 elementor-widget elementor-widget-image\" data-id=\"08c6cc8\" data-element_type=\"widget\" data-e-type=\"widget\" data-widget_type=\"image.default\">\n\t\t\t\t\t\t\t\t\t\t\t\t\t\t\t<img fetchpriority=\"high\" decoding=\"async\" width=\"2560\" height=\"765\" src=\"https:\/\/hgplan.pt\/wp-content\/uploads\/2025\/09\/logo-hgplan-construcao-civil-scaled.png\" class=\"attachment-full size-full wp-image-2078\" alt=\"Logotipo da HG Plan - empresa na \u00e1rea da constru\u00e7\u00e3o civil\" srcset=\"https:\/\/hgplan.pt\/wp-content\/uploads\/2025\/09\/logo-hgplan-construcao-civil-scaled.png 2560w, https:\/\/hgplan.pt\/wp-content\/uploads\/2025\/09\/logo-hgplan-construcao-civil-300x90.png 300w, https:\/\/hgplan.pt\/wp-content\/uploads\/2025\/09\/logo-hgplan-construcao-civil-1024x306.png 1024w, https:\/\/hgplan.pt\/wp-content\/uploads\/2025\/09\/logo-hgplan-construcao-civil-768x229.png 768w, https:\/\/hgplan.pt\/wp-content\/uploads\/2025\/09\/logo-hgplan-construcao-civil-1536x459.png 1536w, https:\/\/hgplan.pt\/wp-content\/uploads\/2025\/09\/logo-hgplan-construcao-civil-2048x612.png 2048w\" sizes=\"(max-width: 2560px) 100vw, 2560px\" \/>\t\t\t\t\t\t\t\t\t\t\t\t\t\t\t<\/div>\n\t\t\t\t<\/div>\n\t\t<div class=\"elementor-element elementor-element-027b41e e-con-full e-flex e-con e-child\" data-id=\"027b41e\" data-element_type=\"container\" data-e-type=\"container\">\n\t\t<div class=\"elementor-element elementor-element-8d5410e e-con-full e-flex e-con e-child\" data-id=\"8d5410e\" data-element_type=\"container\" data-e-type=\"container\">\n\t\t\t\t<div class=\"elementor-element elementor-element-30945d2 elementor-widget elementor-widget-heading\" data-id=\"30945d2\" data-element_type=\"widget\" data-e-type=\"widget\" data-widget_type=\"heading.default\">\n\t\t\t\t\t<h2 class=\"elementor-heading-title elementor-size-default\">HG Plan Management, Lda<\/h2>\t\t\t\t<\/div>\n\t\t\t\t<div class=\"elementor-element elementor-element-f62658a elementor-widget elementor-widget-heading\" data-id=\"f62658a\" data-element_type=\"widget\" data-e-type=\"widget\" data-widget_type=\"heading.default\">\n\t\t\t\t\t<h3 class=\"elementor-heading-title elementor-size-default\">Engineering and construction company.<\/h3>\t\t\t\t<\/div>\n\t\t\t\t<div class=\"elementor-element elementor-element-add17b1 elementor-widget elementor-widget-text-editor\" data-id=\"add17b1\" data-element_type=\"widget\" data-e-type=\"widget\" data-widget_type=\"text-editor.default\">\n\t\t\t\t\t\t\t\t\t<p>Engineering, licensing and design (including specialties), construction, rehabilitation or remodeling of real estate, management and operational maintenance of real estate.<\/p>\t\t\t\t\t\t\t\t<\/div>\n\t\t\t\t<div class=\"elementor-element elementor-element-b31af8c elementor-align-left elementor-mobile-align-center elementor-widget elementor-widget-button\" data-id=\"b31af8c\" data-element_type=\"widget\" data-e-type=\"widget\" data-widget_type=\"button.default\">\n\t\t\t\t\t\t\t\t\t\t<a class=\"elementor-button elementor-button-link elementor-size-sm elementor-animation-bob\" href=\"http:\/\/www.hgplan.pt\">\n\t\t\t\t\t\t<span class=\"elementor-button-content-wrapper\">\n\t\t\t\t\t\t\t\t\t<span class=\"elementor-button-text\">Visit Website<\/span>\n\t\t\t\t\t<\/span>\n\t\t\t\t\t<\/a>\n\t\t\t\t\t\t\t\t<\/div>\n\t\t\t\t<\/div>\n\t\t\t\t<\/div>\n\t\t\t\t\t<\/div>\n\t\t\t\t<\/div>\n\t\t<div class=\"elementor-element elementor-element-4911f55 e-flex e-con-boxed e-con e-parent\" data-id=\"4911f55\" data-element_type=\"container\" data-e-type=\"container\">\n\t\t\t\t\t<div class=\"e-con-inner\">\n\t\t<div class=\"elementor-element elementor-element-486da7f e-con-full e-flex e-con e-child\" data-id=\"486da7f\" data-element_type=\"container\" data-e-type=\"container\">\n\t\t\t\t<div class=\"elementor-element elementor-element-152b9fd elementor-widget elementor-widget-image\" data-id=\"152b9fd\" data-element_type=\"widget\" data-e-type=\"widget\" data-widget_type=\"image.default\">\n\t\t\t\t\t\t\t\t\t\t\t\t\t\t\t<img decoding=\"async\" width=\"723\" height=\"122\" src=\"https:\/\/hgplan.pt\/wp-content\/uploads\/2025\/09\/logotipo-inspectone-inspecao.webp\" class=\"attachment-full size-full wp-image-2075\" alt=\"Logotipo Inspect One - empresa de inspe\u00e7\u00e3o\" srcset=\"https:\/\/hgplan.pt\/wp-content\/uploads\/2025\/09\/logotipo-inspectone-inspecao.webp 723w, https:\/\/hgplan.pt\/wp-content\/uploads\/2025\/09\/logotipo-inspectone-inspecao-300x51.webp 300w\" sizes=\"(max-width: 723px) 100vw, 723px\" \/>\t\t\t\t\t\t\t\t\t\t\t\t\t\t\t<\/div>\n\t\t\t\t<\/div>\n\t\t<div class=\"elementor-element elementor-element-b4a4701 e-con-full e-flex e-con e-child\" data-id=\"b4a4701\" data-element_type=\"container\" data-e-type=\"container\">\n\t\t<div class=\"elementor-element elementor-element-904272a e-con-full e-flex e-con e-child\" data-id=\"904272a\" data-element_type=\"container\" data-e-type=\"container\">\n\t\t\t\t<div class=\"elementor-element elementor-element-3ecd659 elementor-widget elementor-widget-heading\" data-id=\"3ecd659\" data-element_type=\"widget\" data-e-type=\"widget\" data-widget_type=\"heading.default\">\n\t\t\t\t\t<h2 class=\"elementor-heading-title elementor-size-default\">Inspect One<\/h2>\t\t\t\t<\/div>\n\t\t\t\t<div class=\"elementor-element elementor-element-cb1e902 elementor-widget elementor-widget-heading\" data-id=\"cb1e902\" data-element_type=\"widget\" data-e-type=\"widget\" data-widget_type=\"heading.default\">\n\t\t\t\t\t<h3 class=\"elementor-heading-title elementor-size-default\">Technical Real Estate Inspection Company.<\/h3>\t\t\t\t<\/div>\n\t\t\t\t<div class=\"elementor-element elementor-element-a31f0b0 elementor-widget elementor-widget-text-editor\" data-id=\"a31f0b0\" data-element_type=\"widget\" data-e-type=\"widget\" data-widget_type=\"text-editor.default\">\n\t\t\t\t\t\t\t\t\t<p>Technical inspections and property diagnostics.<\/p>\t\t\t\t\t\t\t\t<\/div>\n\t\t\t\t<div class=\"elementor-element elementor-element-dd5f1ed elementor-align-left elementor-mobile-align-center elementor-widget elementor-widget-button\" data-id=\"dd5f1ed\" data-element_type=\"widget\" data-e-type=\"widget\" data-widget_type=\"button.default\">\n\t\t\t\t\t\t\t\t\t\t<a class=\"elementor-button elementor-button-link elementor-size-sm elementor-animation-bob\" href=\"http:\/\/www.inspectone.pt\" rel=\"nofollow noopener\" target=\"_blank\">\n\t\t\t\t\t\t<span class=\"elementor-button-content-wrapper\">\n\t\t\t\t\t\t\t\t\t<span class=\"elementor-button-text\">Visit Website<\/span>\n\t\t\t\t\t<\/span>\n\t\t\t\t\t<\/a>\n\t\t\t\t\t\t\t\t<\/div>\n\t\t\t\t<\/div>\n\t\t\t\t<\/div>\n\t\t\t\t\t<\/div>\n\t\t\t\t<\/div>\n\t\t<div class=\"elementor-element elementor-element-80d8541 e-flex e-con-boxed e-con e-parent\" data-id=\"80d8541\" data-element_type=\"container\" data-e-type=\"container\">\n\t\t\t\t\t<div class=\"e-con-inner\">\n\t\t<div class=\"elementor-element elementor-element-400a9d6 e-con-full e-flex e-con e-child\" data-id=\"400a9d6\" data-element_type=\"container\" data-e-type=\"container\">\n\t\t\t\t<div class=\"elementor-element elementor-element-b0b0253 elementor-widget elementor-widget-image\" data-id=\"b0b0253\" data-element_type=\"widget\" data-e-type=\"widget\" data-widget_type=\"image.default\">\n\t\t\t\t\t\t\t\t\t\t\t\t\t\t\t<img decoding=\"async\" width=\"2376\" height=\"1000\" src=\"https:\/\/hgplan.pt\/wp-content\/uploads\/2025\/10\/Logotipo-Principal-Cores.png\" class=\"attachment-full size-full wp-image-2193\" alt=\"Logotipo UpKasa - empresa manuten\u00e7\u00e3o preventiva\" srcset=\"https:\/\/hgplan.pt\/wp-content\/uploads\/2025\/10\/Logotipo-Principal-Cores.png 2376w, https:\/\/hgplan.pt\/wp-content\/uploads\/2025\/10\/Logotipo-Principal-Cores-300x126.png 300w, https:\/\/hgplan.pt\/wp-content\/uploads\/2025\/10\/Logotipo-Principal-Cores-1024x431.png 1024w, https:\/\/hgplan.pt\/wp-content\/uploads\/2025\/10\/Logotipo-Principal-Cores-768x323.png 768w, https:\/\/hgplan.pt\/wp-content\/uploads\/2025\/10\/Logotipo-Principal-Cores-1536x646.png 1536w, https:\/\/hgplan.pt\/wp-content\/uploads\/2025\/10\/Logotipo-Principal-Cores-2048x862.png 2048w\" sizes=\"(max-width: 2376px) 100vw, 2376px\" \/>\t\t\t\t\t\t\t\t\t\t\t\t\t\t\t<\/div>\n\t\t\t\t<\/div>\n\t\t<div class=\"elementor-element elementor-element-da2514e e-con-full e-flex e-con e-child\" data-id=\"da2514e\" data-element_type=\"container\" data-e-type=\"container\">\n\t\t<div class=\"elementor-element elementor-element-892b74e e-con-full e-flex e-con e-child\" data-id=\"892b74e\" data-element_type=\"container\" data-e-type=\"container\">\n\t\t\t\t<div class=\"elementor-element elementor-element-76f15df elementor-widget elementor-widget-heading\" data-id=\"76f15df\" data-element_type=\"widget\" data-e-type=\"widget\" data-widget_type=\"heading.default\">\n\t\t\t\t\t<h2 class=\"elementor-heading-title elementor-size-default\">UpKasa<\/h2>\t\t\t\t<\/div>\n\t\t\t\t<div class=\"elementor-element elementor-element-eb228f4 elementor-widget elementor-widget-heading\" data-id=\"eb228f4\" data-element_type=\"widget\" data-e-type=\"widget\" data-widget_type=\"heading.default\">\n\t\t\t\t\t<h3 class=\"elementor-heading-title elementor-size-default\">Housing Preventive Maintenance Company.<\/h3>\t\t\t\t<\/div>\n\t\t\t\t<div class=\"elementor-element elementor-element-f481c69 elementor-widget elementor-widget-text-editor\" data-id=\"f481c69\" data-element_type=\"widget\" data-e-type=\"widget\" data-widget_type=\"text-editor.default\">\n\t\t\t\t\t\t\t\t\t<p>Preventive maintenance for apartments, houses and condominiums.<\/p>\t\t\t\t\t\t\t\t<\/div>\n\t\t\t\t<div class=\"elementor-element elementor-element-ee56ca0 elementor-align-left elementor-mobile-align-center elementor-widget elementor-widget-button\" data-id=\"ee56ca0\" data-element_type=\"widget\" data-e-type=\"widget\" data-widget_type=\"button.default\">\n\t\t\t\t\t\t\t\t\t\t<a class=\"elementor-button elementor-button-link elementor-size-sm elementor-animation-bob\" href=\"http:\/\/www.upkasa.pt\" rel=\"nofollow noopener\" target=\"_blank\">\n\t\t\t\t\t\t<span class=\"elementor-button-content-wrapper\">\n\t\t\t\t\t\t\t\t\t<span class=\"elementor-button-text\">Visit Website<\/span>\n\t\t\t\t\t<\/span>\n\t\t\t\t\t<\/a>\n\t\t\t\t\t\t\t\t<\/div>\n\t\t\t\t<\/div>\n\t\t\t\t<\/div>\n\t\t\t\t\t<\/div>\n\t\t\t\t<\/div>\n\t\t<div class=\"elementor-element elementor-element-9fef964 e-flex e-con-boxed e-con e-parent\" data-id=\"9fef964\" data-element_type=\"container\" data-e-type=\"container\">\n\t\t\t\t\t<div class=\"e-con-inner\">\n\t\t<div class=\"elementor-element elementor-element-0018505 e-con-full e-flex e-con e-child\" data-id=\"0018505\" data-element_type=\"container\" data-e-type=\"container\">\n\t\t\t\t<div class=\"elementor-element elementor-element-677b708 elementor-widget elementor-widget-image\" data-id=\"677b708\" data-element_type=\"widget\" data-e-type=\"widget\" data-widget_type=\"image.default\">\n\t\t\t\t\t\t\t\t\t\t\t\t\t\t\t<img loading=\"lazy\" decoding=\"async\" width=\"723\" height=\"114\" src=\"https:\/\/hgplan.pt\/wp-content\/uploads\/2025\/09\/logotipo-mopac-empresa-de-casas-pre-fabricadas.webp\" class=\"attachment-full size-full wp-image-2076\" alt=\"Logotipo MOPAC - empresa de casas pr\u00e9-fabricadas\" srcset=\"https:\/\/hgplan.pt\/wp-content\/uploads\/2025\/09\/logotipo-mopac-empresa-de-casas-pre-fabricadas.webp 723w, https:\/\/hgplan.pt\/wp-content\/uploads\/2025\/09\/logotipo-mopac-empresa-de-casas-pre-fabricadas-300x47.webp 300w\" sizes=\"(max-width: 723px) 100vw, 723px\" \/>\t\t\t\t\t\t\t\t\t\t\t\t\t\t\t<\/div>\n\t\t\t\t<\/div>\n\t\t<div class=\"elementor-element elementor-element-c556dda e-con-full e-flex e-con e-child\" data-id=\"c556dda\" data-element_type=\"container\" data-e-type=\"container\">\n\t\t<div class=\"elementor-element elementor-element-40041f5 e-con-full e-flex e-con e-child\" data-id=\"40041f5\" data-element_type=\"container\" data-e-type=\"container\">\n\t\t\t\t<div class=\"elementor-element elementor-element-64c5a28 elementor-widget elementor-widget-heading\" data-id=\"64c5a28\" data-element_type=\"widget\" data-e-type=\"widget\" data-widget_type=\"heading.default\">\n\t\t\t\t\t<h2 class=\"elementor-heading-title elementor-size-default\">MOPAC<\/h2>\t\t\t\t<\/div>\n\t\t\t\t<div class=\"elementor-element elementor-element-4656b9a elementor-widget elementor-widget-heading\" data-id=\"4656b9a\" data-element_type=\"widget\" data-e-type=\"widget\" data-widget_type=\"heading.default\">\n\t\t\t\t\t<h3 class=\"elementor-heading-title elementor-size-default\">Prefabricated houses company.<\/h3>\t\t\t\t<\/div>\n\t\t\t\t<div class=\"elementor-element elementor-element-73d8417 elementor-widget elementor-widget-text-editor\" data-id=\"73d8417\" data-element_type=\"widget\" data-e-type=\"widget\" data-widget_type=\"text-editor.default\">\n\t\t\t\t\t\t\t\t\t<p>Design and execution of houses in sustainable structures.<\/p>\t\t\t\t\t\t\t\t<\/div>\n\t\t\t\t<div class=\"elementor-element elementor-element-1085b4e elementor-align-left elementor-mobile-align-center elementor-widget elementor-widget-button\" data-id=\"1085b4e\" data-element_type=\"widget\" data-e-type=\"widget\" data-widget_type=\"button.default\">\n\t\t\t\t\t\t\t\t\t\t<a class=\"elementor-button elementor-button-link elementor-size-sm elementor-animation-bob\" href=\"http:\/\/www.mopac.pt\" rel=\"nofollow noopener\" target=\"_blank\">\n\t\t\t\t\t\t<span class=\"elementor-button-content-wrapper\">\n\t\t\t\t\t\t\t\t\t<span class=\"elementor-button-text\">Visit Website<\/span>\n\t\t\t\t\t<\/span>\n\t\t\t\t\t<\/a>\n\t\t\t\t\t\t\t\t<\/div>\n\t\t\t\t<\/div>\n\t\t\t\t<\/div>\n\t\t\t\t\t<\/div>\n\t\t\t\t<\/div>\n\t\t<div class=\"elementor-element elementor-element-7d5a10e e-flex e-con-boxed e-con e-parent\" data-id=\"7d5a10e\" data-element_type=\"container\" data-e-type=\"container\" data-settings=\"{&quot;background_background&quot;:&quot;classic&quot;}\">\n\t\t\t\t\t<div class=\"e-con-inner\">\n\t\t<div class=\"elementor-element elementor-element-18b1d11 e-con-full e-flex e-con e-child\" data-id=\"18b1d11\" data-element_type=\"container\" data-e-type=\"container\">\n\t\t\t\t<div class=\"elementor-element elementor-element-587481b elementor-widget elementor-widget-text-editor\" data-id=\"587481b\" data-element_type=\"widget\" data-e-type=\"widget\" data-widget_type=\"text-editor.default\">\n\t\t\t\t\t\t\t\t\t<p>Smart homes. Smarter living.<\/p>\t\t\t\t\t\t\t\t<\/div>\n\t\t\t\t<\/div>\n\t\t<div class=\"elementor-element elementor-element-e27585d e-con-full e-flex e-con e-child\" data-id=\"e27585d\" data-element_type=\"container\" data-e-type=\"container\">\n\t\t\t\t<div class=\"elementor-element elementor-element-47c280d elementor-align-center elementor-mobile-align-center elementor-widget elementor-widget-button\" data-id=\"47c280d\" data-element_type=\"widget\" data-e-type=\"widget\" data-widget_type=\"button.default\">\n\t\t\t\t\t\t\t\t\t\t<a class=\"elementor-button elementor-button-link elementor-size-sm elementor-animation-bob\" href=\"https:\/\/hgplan.pt\/en\/contact\/\">\n\t\t\t\t\t\t<span class=\"elementor-button-content-wrapper\">\n\t\t\t\t\t\t\t\t\t<span class=\"elementor-button-text\">Contact<\/span>\n\t\t\t\t\t<\/span>\n\t\t\t\t\t<\/a>\n\t\t\t\t\t\t\t\t<\/div>\n\t\t\t\t<\/div>\n\t\t\t\t\t<\/div>\n\t\t\t\t<\/div>\n\t\t\t\t<\/div>\n\t\t","protected":false},"excerpt":{"rendered":"<p>The Group HG Plan Management, Lda. was founded in Covilh\u00e3 with the aim of providing engineering, licensing, design and construction services with high quality standards. Over the years, we have expanded our operations into complementary areas, engineering and contracting, creating a solid business ecosystem. Today we have the capacity to produce energy-efficient prefabricated houses and [&hellip;]<\/p>\n","protected":false},"author":2,"featured_media":0,"parent":0,"menu_order":0,"comment_status":"closed","ping_status":"closed","template":"","meta":{"footnotes":""},"class_list":["post-2074","page","type-page","status-publish","hentry"],"_links":{"self":[{"href":"https:\/\/hgplan.pt\/en\/wp-json\/wp\/v2\/pages\/2074","targetHints":{"allow":["GET"]}}],"collection":[{"href":"https:\/\/hgplan.pt\/en\/wp-json\/wp\/v2\/pages"}],"about":[{"href":"https:\/\/hgplan.pt\/en\/wp-json\/wp\/v2\/types\/page"}],"author":[{"embeddable":true,"href":"https:\/\/hgplan.pt\/en\/wp-json\/wp\/v2\/users\/2"}],"replies":[{"embeddable":true,"href":"https:\/\/hgplan.pt\/en\/wp-json\/wp\/v2\/comments?post=2074"}],"version-history":[{"count":5,"href":"https:\/\/hgplan.pt\/en\/wp-json\/wp\/v2\/pages\/2074\/revisions"}],"predecessor-version":[{"id":2197,"href":"https:\/\/hgplan.pt\/en\/wp-json\/wp\/v2\/pages\/2074\/revisions\/2197"}],"wp:attachment":[{"href":"https:\/\/hgplan.pt\/en\/wp-json\/wp\/v2\/media?parent=2074"}],"curies":[{"name":"wp","href":"https:\/\/api.w.org\/{rel}","templated":true}]}}